{"id":9,"date":"2025-06-30T21:44:34","date_gmt":"2025-07-01T00:44:34","guid":{"rendered":"http:\/\/medicinemarketing-com-br.umbler.net\/?page_id=9"},"modified":"2025-08-09T09:24:19","modified_gmt":"2025-08-09T12:24:19","slug":"home","status":"publish","type":"page","link":"https:\/\/medicinemarketing.com.br\/","title":{"rendered":"In\u00edcio"},"content":{"rendered":"<h1>\n<p>Sua presen\u00e7a no digital atraindo pacientes<\/p>\n<\/h1>\n<h4>\n<p>Sua presen\u00e7a est\u00e1 sendo <br \/>ansiosamente aguardada!<\/p>\n<\/h4>\n<p><p>\n        <a href=\"https:\/\/wa.me\/5561993111496\">Agende uma reuni\u00e3o<\/a>\n    <\/p>\n<\/p>\n<p><img decoding=\"async\" src=\"\/wp-content\/uploads\/2025\/07\/site_1_3.png\" alt=\"\"><\/p>\n<h1>Por que eu preciso de marketing?<\/h1>\n<ul>\n<li>\n<h3>Pacientes Est\u00e3o Cada Vez Mais Digitais<\/h3>\n<div>\n<p><strong>90% dos brasileiros<\/strong> pesquisam m\u00e9dicos e sintomas online antes de agendar consultas. Quem n\u00e3o aparece nas buscas perde oportunidades para concorrentes mais bem posicionados.<\/p>\n<\/div>\n<\/li>\n<li>\n<h3>Constru\u00e7\u00e3o de Autoridade e Confian\u00e7a<\/h3>\n<div>\n<p>Redes sociais permitem <strong>compartilhar conhecimento<\/strong> posicionando o m\u00e9dico como <strong>refer\u00eancia<\/strong> em sua especialidade.<\/p>\n<\/div>\n<\/li>\n<li>\n<h3>Vantagem Competitiva em Nichos Saturados<\/h3>\n<div>\n<p>Enquanto muitos m\u00e9dicos s\u00f3 atendem por indica\u00e7\u00e3o, quem usa tr\u00e1fego pago se destaca. O <strong>marketing digital<\/strong> \u00e9 mais barato e mensur\u00e1vel do que a m\u00eddia\u00a0tradicional<\/p>\n<\/div>\n<\/li>\n<\/ul>\n<p><p>\n        <a href=\"https:\/\/wa.me\/5561993111496\">Agende uma reuni\u00e3o<\/a>\n    <\/p>\n<\/p>\n<h1>Produ\u00e7\u00f5es profissionais<\/h1>\n<p><video src=\"\/wp-content\/uploads\/2025\/08\/brenno_7.mp4\" poster=\"\/wp-content\/uploads\/2025\/08\/7.jpg\"><\/video><br \/>\n<video src=\"\/wp-content\/uploads\/2025\/07\/rogerio_4.mp4\" poster=\"\/wp-content\/uploads\/2025\/07\/4.jpg\"><\/video><br \/>\n<video src=\"\/wp-content\/uploads\/2025\/07\/juliana_3.mp4\" poster=\"\/wp-content\/uploads\/2025\/07\/5.jpg\"><\/video><br \/>\n<video src=\"\/wp-content\/uploads\/2025\/07\/larissa_2.mp4\" poster=\"\/wp-content\/uploads\/2025\/07\/3.jpg\"><\/video><\/p>\n<p><p>\n        <a href=\"https:\/\/wa.me\/5561993111496\">Agende uma reuni\u00e3o<\/a>\n    <\/p>\n<\/p>\n<h1>N\u00f3s<\/h1>\n<p><img decoding=\"async\" src=\"\/wp-content\/uploads\/2025\/08\/henrique-scaled.jpg\" alt=\"\"><\/p>\n<h2>Henrique Morais<\/h2>\n<div>\n<p>Com mais de <strong>100 mil seguidores no YouTube<\/strong> e experi\u00eancia em produ\u00e7\u00e3o audiovisual para clientes p\u00fablicos e privados, Henrique Morais domina a arte de <strong>comunicar ideias complexas de forma simples e atraente<\/strong>.<\/p>\n<\/div>\n<p><img decoding=\"async\" src=\"\/wp-content\/uploads\/2025\/08\/perfil5-1.jpg\" alt=\"\"><\/p>\n<h2>Ricardo Monserratt<\/h2>\n<div>\n<p>Mais de <strong>10 anos<\/strong> trabalhando com cria\u00e7\u00e3o de conte\u00fado em equipes de publicidade, trazendo essa experi\u00eancia para a <strong>\u00e1rea m\u00e9dica<\/strong>, atendendo cl\u00ednicas e m\u00e9dicos aut\u00f4nomos.<\/p>\n<\/div>\n<h1>presen\u00e7a digital 360\u00b0<\/h1>\n<ul>\n<li>\n<h3>PRODU\u00c7\u00c3O AUDIOVISUAL<\/h3>\n<div>\n<p>Na <strong>Medicine<\/strong>, transformamos sua mensagem em conte\u00fado que engaja. Produzimos v\u00eddeos institucionais, reels profissionais e materiais educativos, com qualidade cinematogr\u00e1fica, desde o roteiro at\u00e9\u00a0a\u00a0edi\u00e7\u00e3o\u00a0final.<\/p>\n<\/div>\n<\/li>\n<li>\n<h3>GEST\u00c3O DE REDES<\/h3>\n<div>\n<p>Sua presen\u00e7a digital, estrategicamente cultivada. Administramos perfis m\u00e9dicos com planejamento de conte\u00fado mensal, intera\u00e7\u00f5es humanizadas e relat\u00f3rios de performance. Aumentamos sua relev\u00e2ncia no Instagram, LinkedIn e Facebook, conectando voc\u00ea aos pacientes certos.<\/p>\n<\/div>\n<\/li>\n<li>\n<h3>TR\u00c1FEGO PAGO<\/h3>\n<div>\n<p>Pacientes qualificados, direto para seu consult\u00f3rio. Criamos campanhas segmentadas no Google Ads e Meta Ads (Instagram\/Facebook), com an\u00fancios \u00e9ticos e altamente conversivos. Maximizamos seu ROI com gest\u00e3o di\u00e1ria e ajustes baseados em dados.<\/p>\n<\/div>\n<\/li>\n<li>\n<h3>BRANDING <\/h3>\n<div>\n<p>Sua identidade, sua diferencia\u00e7\u00e3o. Desenvolvemos logos, paletas de cores, tom de voz e diretrizes visuais que refletem sua expertise m\u00e9dica. Constru\u00edmos marcas memor\u00e1veis e confi\u00e1veis \u2013 porque na sa\u00fade, primeira impress\u00e3o \u00e9 tudo.<\/p>\n<\/div>\n<\/li>\n<\/ul>\n<p><p>\n        <a href=\"https:\/\/wa.me\/5561993111496\">Agende uma reuni\u00e3o<\/a>\n    <\/p>\n<\/p>\n<h1>sua jornada no digital come\u00e7a aqui!<\/h1>\n<h4>\n<p>V\u00e1rios m\u00e9dicos t\u00eam se beneficiado com a presen\u00e7a nas redes sociais, ampliando seu<br \/>alcance e conquistando novos pacientes!<\/p>\n<p>Chegou o seu momento de crescer!<br \/>Agende uma reuni\u00e3o e tire suas d\u00favidas sobre os nossos\u00a0servi\u00e7os!<\/p>\n<\/h4>\n<p><p>\n        <a href=\"https:\/\/wa.me\/5561993111496\">Agende uma reuni\u00e3o<\/a>\n    <\/p>\n<\/p>\n<p><!--more--><br \/>\n<!-- {\"type\":\"layout\",\"children\":[{\"type\":\"section\",\"props\":{\"animation\":\"scale-up\",\"header_transparent\":\"light\",\"header_transparent_noplaceholder\":false,\"height\":\"section\",\"height_offset_top\":false,\"height_viewport\":200,\"id\":\"inicio\",\"image\":\"wp-content\\\/uploads\\\/2025\\\/07\\\/bg_header.png\",\"image_effect\":\"parallax\",\"image_position\":\"top-center\",\"image_size\":\"height-1-1\",\"media_focal_point\":\"top-left\",\"media_visibility\":\"m\",\"overlap\":false,\"padding\":\"small\",\"padding_remove_bottom\":false,\"padding_remove_horizontal\":false,\"padding_remove_top\":false,\"style\":\"default\",\"text_color\":\"light\",\"title_breakpoint\":\"xl\",\"title_position\":\"top-left\",\"title_rotation\":\"left\",\"vertical_align\":\"middle\",\"width\":\"default\"},\"children\":[{\"type\":\"row\",\"children\":[{\"type\":\"column\",\"props\":{\"image_position\":\"center-center\",\"position_sticky_breakpoint\":\"m\",\"vertical_align\":\"middle\",\"width_medium\":\"1-2\"},\"children\":[{\"type\":\"headline\",\"props\":{\"content\":\"\n\n<p>Sua presen\\u00e7a no digital atraindo pacientes<\\\/p>\",\"margin\":\"default\",\"margin_remove_bottom\":false,\"text_align\":\"left\",\"title_element\":\"h1\"}},{\"type\":\"headline\",\"props\":{\"content\":\"\n\n<p>Sua presen\\u00e7a est\\u00e1 sendo <br \\\/>ansiosamente aguardada!<\\\/p>\",\"margin_remove_top\":true,\"title_element\":\"h4\"}},{\"type\":\"button\",\"props\":{\"button_size\":\"small\",\"grid_column_gap\":\"small\",\"grid_row_gap\":\"medium\",\"margin\":\"default\",\"text_align\":\"left\"},\"children\":[{\"type\":\"button_item\",\"props\":{\"button_style\":\"danger\",\"content\":\"Agende uma reuni\\u00e3o\",\"dialog_layout\":\"modal\",\"dialog_offcanvas_flip\":true,\"icon\":\"whatsapp\",\"icon_align\":\"left\",\"link\":\"https:\\\/\\\/wa.me\\\/5561993111496\"}}]}]},{\"type\":\"column\",\"props\":{\"image_position\":\"center-center\",\"position_sticky_breakpoint\":\"m\",\"width_medium\":\"1-2\"},\"children\":[{\"type\":\"image\",\"props\":{\"image\":\"wp-content\\\/uploads\\\/2025\\\/07\\\/site_1_3.png\",\"image_focal_point\":\"center-left\",\"image_svg_color\":\"emphasis\",\"margin\":\"default\"}}]}],\"props\":{\"alignment\":\"left\",\"column_gap\":\"small\",\"height_offset_top\":false,\"layout\":\"1-2,1-2\",\"margin\":\"small\",\"margin_remove_bottom\":false,\"row_gap\":\"small\"}}],\"name\":\"Hero\"},{\"type\":\"section\",\"props\":{\"animation\":\"scale-up\",\"id\":\"porque\",\"image_position\":\"center-center\",\"overlap\":false,\"preserve_color\":true,\"style\":\"secondary\",\"title_breakpoint\":\"xl\",\"title_position\":\"top-left\",\"title_rotation\":\"left\",\"vertical_align\":\"middle\",\"width\":\"default\"},\"children\":[{\"type\":\"row\",\"children\":[{\"type\":\"column\",\"props\":{\"image_position\":\"center-center\",\"position_sticky_breakpoint\":\"m\"},\"children\":[{\"type\":\"headline\",\"props\":{\"content\":\"Por que eu preciso de marketing?\",\"title_color\":\"primary\",\"title_element\":\"h1\"}},{\"type\":\"grid\",\"props\":{\"content_align\":true,\"content_column_breakpoint\":\"m\",\"content_dropcap\":false,\"content_style\":\"text-meta\",\"filter_align\":\"left\",\"filter_all\":true,\"filter_grid_breakpoint\":\"m\",\"filter_grid_width\":\"auto\",\"filter_position\":\"top\",\"filter_style\":\"tab\",\"grid_default\":\"1\",\"grid_divider\":false,\"grid_medium\":\"3\",\"grid_row_align\":false,\"icon_color\":\"primary\",\"icon_width\":80,\"image_align\":\"top\",\"image_grid_breakpoint\":\"m\",\"image_grid_width\":\"small\",\"image_svg_color\":\"emphasis\",\"image_vertical_align\":false,\"item_animation\":true,\"lightbox\":false,\"lightbox_bg_close\":true,\"link_style\":\"default\",\"link_text\":\"Read more\",\"margin\":\"default\",\"meta_align\":\"below-content\",\"meta_element\":\"div\",\"meta_style\":\"text-meta\",\"panel_link\":false,\"panel_padding\":\"default\",\"panel_style\":\"card-default\",\"show_content\":true,\"show_hover_image\":true,\"show_hover_video\":true,\"show_image\":true,\"show_link\":true,\"show_meta\":true,\"show_title\":true,\"show_video\":true,\"title_align\":\"top\",\"title_element\":\"h3\",\"title_grid_breakpoint\":\"m\",\"title_grid_width\":\"1-2\",\"title_hover_style\":\"reset\"},\"children\":[{\"type\":\"grid_item\",\"props\":{\"content\":\"\n\n<p><strong>90% dos brasileiros<\\\/strong> pesquisam m\\u00e9dicos e sintomas online antes de agendar consultas. Quem n\\u00e3o aparece nas buscas perde oportunidades para concorrentes mais bem posicionados.<br \\\/><br \\\/><\\\/p>\",\"hover_image_focal_point\":\"center-left\",\"icon\":\"phone\",\"title\":\"Pacientes Est\\u00e3o Cada Vez Mais Digitais\"}},{\"type\":\"grid_item\",\"props\":{\"content\":\"\n\n<p>Redes sociais permitem <strong>compartilhar conhecimento<\\\/strong> posicionando o m\\u00e9dico como <strong>refer\\u00eancia<\\\/strong> em sua especialidade.<\\\/p>\",\"icon\":\"arrow-up-right\",\"title\":\"Constru\\u00e7\\u00e3o de Autoridade e Confian\\u00e7a\"}},{\"type\":\"grid_item\",\"props\":{\"content\":\"\n\n<p>Enquanto muitos m\\u00e9dicos s\\u00f3 atendem por indica\\u00e7\\u00e3o, quem usa tr\\u00e1fego pago se destaca. O <strong>marketing digital<\\\/strong> \\u00e9 mais barato e mensur\\u00e1vel do que a m\\u00eddia\\u00a0tradicional<\\\/p>\",\"icon\":\"chevron-double-right\",\"title\":\"Vantagem Competitiva em Nichos Saturados\"}}]},{\"type\":\"button\",\"props\":{\"grid_column_gap\":\"small\",\"grid_row_gap\":\"medium\",\"margin\":\"default\",\"margin_remove_bottom\":false,\"text_align\":\"center\"},\"children\":[{\"type\":\"button_item\",\"props\":{\"button_style\":\"danger\",\"content\":\"Agende uma reuni\\u00e3o\",\"dialog_layout\":\"modal\",\"dialog_offcanvas_flip\":true,\"icon\":\"whatsapp\",\"icon_align\":\"left\",\"link\":\"https:\\\/\\\/wa.me\\\/5561993111496\",\"link_target\":\"blank\"}}]}]}]}]},{\"type\":\"section\",\"props\":{\"animation\":\"scale-up\",\"id\":\"producoes\",\"image_position\":\"center-center\",\"style\":\"default\",\"title_breakpoint\":\"xl\",\"title_position\":\"top-left\",\"title_rotation\":\"left\",\"vertical_align\":\"middle\",\"width\":\"default\"},\"children\":[{\"type\":\"row\",\"children\":[{\"type\":\"column\",\"props\":{\"image_position\":\"center-center\",\"position_sticky_breakpoint\":\"m\"},\"children\":[{\"type\":\"headline\",\"props\":{\"content\":\"Produ\\u00e7\\u00f5es profissionais\",\"title_element\":\"h1\"}}]}]},{\"type\":\"row\",\"props\":{\"column_gap\":\"small\",\"divider\":true,\"layout\":\"1-4,1-4,1-4,1-4|1-2,1-2,1-2,1-2\",\"row_gap\":\"small\"},\"children\":[{\"type\":\"column\",\"props\":{\"image_position\":\"center-center\",\"position_sticky_breakpoint\":\"m\",\"width_medium\":\"1-4\",\"width_small\":\"1-2\"},\"children\":[{\"type\":\"video\",\"props\":{\"blend\":false,\"margin\":\"default\",\"video\":\"wp-content\\\/uploads\\\/2025\\\/08\\\/brenno_7.mp4\",\"video_controls\":true,\"video_poster\":\"wp-content\\\/uploads\\\/2025\\\/08\\\/7.jpg\"}}]},{\"type\":\"column\",\"props\":{\"image_position\":\"center-center\",\"position_sticky_breakpoint\":\"m\",\"width_medium\":\"1-4\",\"width_small\":\"1-2\"},\"children\":[{\"type\":\"video\",\"props\":{\"margin\":\"default\",\"video\":\"wp-content\\\/uploads\\\/2025\\\/07\\\/rogerio_4.mp4\",\"video_controls\":true,\"video_poster\":\"wp-content\\\/uploads\\\/2025\\\/07\\\/4.jpg\"}}]},{\"type\":\"column\",\"props\":{\"image_position\":\"center-center\",\"position_sticky_breakpoint\":\"m\",\"width_medium\":\"1-4\",\"width_small\":\"1-2\"},\"children\":[{\"type\":\"video\",\"props\":{\"margin\":\"default\",\"video\":\"wp-content\\\/uploads\\\/2025\\\/07\\\/juliana_3.mp4\",\"video_controls\":true,\"video_poster\":\"wp-content\\\/uploads\\\/2025\\\/07\\\/5.jpg\"}}]},{\"type\":\"column\",\"props\":{\"image_position\":\"center-center\",\"position_sticky_breakpoint\":\"m\",\"width_medium\":\"1-4\",\"width_small\":\"1-2\"},\"children\":[{\"type\":\"video\",\"props\":{\"margin\":\"default\",\"video\":\"wp-content\\\/uploads\\\/2025\\\/07\\\/larissa_2.mp4\",\"video_controls\":true,\"video_poster\":\"wp-content\\\/uploads\\\/2025\\\/07\\\/3.jpg\"}}]}]},{\"type\":\"row\",\"children\":[{\"type\":\"column\",\"props\":{\"image_position\":\"center-center\",\"position_sticky_breakpoint\":\"m\"},\"children\":[{\"type\":\"button\",\"props\":{\"grid_column_gap\":\"small\",\"grid_row_gap\":\"medium\",\"margin\":\"default\",\"margin_remove_bottom\":false,\"text_align\":\"center\"},\"children\":[{\"type\":\"button_item\",\"props\":{\"button_style\":\"danger\",\"content\":\"Agende uma reuni\\u00e3o\",\"dialog_layout\":\"modal\",\"dialog_offcanvas_flip\":true,\"icon\":\"whatsapp\",\"icon_align\":\"left\",\"link\":\"https:\\\/\\\/wa.me\\\/5561993111496\",\"link_target\":\"blank\"}}]}]}]}]},{\"type\":\"section\",\"props\":{\"id\":\"nos\",\"image_position\":\"center-center\",\"overlap\":true,\"preserve_color\":true,\"style\":\"primary\",\"title_breakpoint\":\"xl\",\"title_position\":\"top-left\",\"title_rotation\":\"left\",\"vertical_align\":\"middle\",\"width\":\"default\"},\"children\":[{\"type\":\"row\",\"children\":[{\"type\":\"column\",\"props\":{\"image_position\":\"center-center\",\"position_sticky_breakpoint\":\"m\"},\"children\":[{\"type\":\"headline\",\"props\":{\"content\":\"N\\u00f3s\",\"title_element\":\"h1\"}}]}]},{\"type\":\"row\",\"props\":{\"layout\":\"1-4,1-4,1-4,1-4|1-2,1-2,1-2,1-2\"},\"children\":[{\"type\":\"column\",\"props\":{\"image_position\":\"center-center\",\"position_sticky_breakpoint\":\"m\",\"width_medium\":\"1-4\",\"width_small\":\"1-2\"},\"children\":[{\"type\":\"image\",\"props\":{\"image\":\"wp-content\\\/uploads\\\/2025\\\/08\\\/henrique-scaled.jpg\",\"image_svg_color\":\"emphasis\",\"margin\":\"default\"}}]},{\"type\":\"column\",\"props\":{\"image_position\":\"center-center\",\"position_sticky_breakpoint\":\"m\",\"width_medium\":\"1-4\",\"width_small\":\"1-2\"},\"children\":[{\"type\":\"headline\",\"props\":{\"content\":\"Henrique Morais\",\"title_element\":\"h2\"}},{\"type\":\"text\",\"props\":{\"column_breakpoint\":\"m\",\"content\":\"\n\n<p>Com mais de <strong>100 mil seguidores no YouTube<\\\/strong> e experi\\u00eancia em produ\\u00e7\\u00e3o audiovisual para clientes p\\u00fablicos e privados, Henrique Morais domina a arte de <strong>comunicar ideias complexas de forma simples e atraente<\\\/strong>.<\\\/p>\",\"margin\":\"default\",\"text_style\":\"lead\"}}]},{\"type\":\"column\",\"props\":{\"image_position\":\"center-center\",\"position_sticky_breakpoint\":\"m\",\"width_medium\":\"1-4\",\"width_small\":\"1-2\"},\"children\":[{\"type\":\"image\",\"props\":{\"image\":\"wp-content\\\/uploads\\\/2025\\\/08\\\/perfil5-1.jpg\",\"image_svg_color\":\"emphasis\",\"margin\":\"default\"}}]},{\"type\":\"column\",\"props\":{\"image_position\":\"center-center\",\"position_sticky_breakpoint\":\"m\",\"width_medium\":\"1-4\",\"width_small\":\"1-2\"},\"children\":[{\"type\":\"headline\",\"props\":{\"content\":\"Ricardo Monserratt\",\"title_element\":\"h2\"}},{\"type\":\"text\",\"props\":{\"column_breakpoint\":\"m\",\"content\":\"\n\n<p>Mais de <strong>10 anos<\\\/strong> trabalhando com cria\\u00e7\\u00e3o de conte\\u00fado em equipes de publicidade, trazendo essa experi\\u00eancia para a <strong>\\u00e1rea m\\u00e9dica<\\\/strong>, atendendo cl\\u00ednicas e m\\u00e9dicos aut\\u00f4nomos.<\\\/p>\",\"margin\":\"default\",\"text_style\":\"lead\"}}]}]}],\"name\":\"Sobre\"},{\"type\":\"section\",\"props\":{\"animation\":\"slide-left-medium\",\"id\":\"servicos\",\"image_position\":\"center-center\",\"preserve_color\":true,\"style\":\"secondary\",\"title_breakpoint\":\"xl\",\"title_position\":\"top-left\",\"title_rotation\":\"left\",\"vertical_align\":\"middle\",\"width\":\"default\"},\"children\":[{\"type\":\"row\",\"children\":[{\"type\":\"column\",\"props\":{\"image_position\":\"center-center\",\"position_sticky_breakpoint\":\"m\"},\"children\":[{\"type\":\"headline\",\"props\":{\"content\":\"presen\\u00e7a digital 360\\u00b0\",\"title_color\":\"primary\",\"title_element\":\"h1\"}},{\"type\":\"grid\",\"props\":{\"content_column_breakpoint\":\"m\",\"filter_align\":\"left\",\"filter_all\":true,\"filter_grid_breakpoint\":\"m\",\"filter_grid_width\":\"auto\",\"filter_position\":\"top\",\"filter_style\":\"tab\",\"grid_default\":\"1\",\"grid_divider\":false,\"grid_medium\":\"2\",\"icon_color\":\"primary\",\"icon_width\":80,\"image_align\":\"left\",\"image_grid_breakpoint\":\"m\",\"image_grid_width\":\"1-4\",\"image_svg_color\":\"emphasis\",\"item_animation\":true,\"lightbox_bg_close\":true,\"link_style\":\"default\",\"link_text\":\"Read more\",\"margin\":\"medium\",\"meta_align\":\"below-title\",\"meta_element\":\"div\",\"meta_style\":\"text-meta\",\"panel_image_no_padding\":false,\"panel_padding\":\"default\",\"panel_style\":\"card-default\",\"show_content\":true,\"show_hover_image\":true,\"show_hover_video\":true,\"show_image\":true,\"show_link\":true,\"show_meta\":true,\"show_title\":true,\"show_video\":true,\"title_align\":\"top\",\"title_element\":\"h3\",\"title_grid_breakpoint\":\"m\",\"title_grid_width\":\"1-2\",\"title_hover_style\":\"reset\"},\"children\":[{\"type\":\"grid_item\",\"props\":{\"content\":\"\n\n<p>Na <strong>Medicine<\\\/strong>, transformamos sua mensagem em conte\\u00fado que engaja. Produzimos v\\u00eddeos institucionais, reels profissionais e materiais educativos, com qualidade cinematogr\\u00e1fica, desde o roteiro at\\u00e9\\u00a0a\\u00a0edi\\u00e7\\u00e3o\\u00a0final.<\\\/p>\",\"icon\":\"video-camera\",\"image\":\"\",\"title\":\"PRODU\\u00c7\\u00c3O AUDIOVISUAL\"}},{\"type\":\"grid_item\",\"props\":{\"content\":\"\n\n<p>Sua presen\\u00e7a digital, estrategicamente cultivada. Administramos perfis m\\u00e9dicos com planejamento de conte\\u00fado mensal, intera\\u00e7\\u00f5es humanizadas e relat\\u00f3rios de performance. Aumentamos sua relev\\u00e2ncia no Instagram, LinkedIn e Facebook, conectando voc\\u00ea aos pacientes certos.<\\\/p>\",\"icon\":\"cog\",\"image\":\"\",\"title\":\"GEST\\u00c3O DE REDES\"}},{\"type\":\"grid_item\",\"props\":{\"content\":\"\n\n<p>Pacientes qualificados, direto para seu consult\\u00f3rio. Criamos campanhas segmentadas no Google Ads e Meta Ads (Instagram\\\/Facebook), com an\\u00fancios \\u00e9ticos e altamente conversivos. Maximizamos seu ROI com gest\\u00e3o di\\u00e1ria e ajustes baseados em dados.<\\\/p>\",\"icon\":\"rss\",\"image\":\"\",\"title\":\"TR\\u00c1FEGO PAGO\"}},{\"type\":\"grid_item\",\"props\":{\"content\":\"\n\n<p>Sua identidade, sua diferencia\\u00e7\\u00e3o. Desenvolvemos logos, paletas de cores, tom de voz e diretrizes visuais que refletem sua expertise m\\u00e9dica. Constru\\u00edmos marcas memor\\u00e1veis e confi\\u00e1veis \\u2013 porque na sa\\u00fade, primeira impress\\u00e3o \\u00e9 tudo.<\\\/p>\",\"icon\":\"star\",\"image\":\"\",\"panel_style\":\"card-default\",\"title\":\"BRANDING \"}}]},{\"type\":\"button\",\"props\":{\"grid_column_gap\":\"small\",\"grid_row_gap\":\"medium\",\"margin\":\"default\",\"margin_remove_bottom\":false,\"text_align\":\"center\"},\"children\":[{\"type\":\"button_item\",\"props\":{\"button_style\":\"danger\",\"content\":\"Agende uma reuni\\u00e3o\",\"dialog_layout\":\"modal\",\"dialog_offcanvas_flip\":true,\"icon\":\"whatsapp\",\"icon_align\":\"left\",\"link\":\"https:\\\/\\\/wa.me\\\/5561993111496\",\"link_target\":\"blank\"}}]}]}]}]},{\"type\":\"section\",\"props\":{\"image_position\":\"center-center\",\"style\":\"default\",\"title_breakpoint\":\"xl\",\"title_position\":\"top-left\",\"title_rotation\":\"left\",\"vertical_align\":\"middle\",\"width\":\"default\"},\"children\":[{\"type\":\"row\",\"children\":[{\"type\":\"column\",\"props\":{\"image_position\":\"center-center\",\"position_sticky_breakpoint\":\"m\"},\"children\":[{\"type\":\"headline\",\"props\":{\"content\":\"sua jornada no digital come\\u00e7a aqui!\",\"text_align\":\"center\",\"title_element\":\"h1\"}},{\"type\":\"headline\",\"props\":{\"content\":\"\n\n<p>V\\u00e1rios m\\u00e9dicos t\\u00eam se beneficiado com a presen\\u00e7a nas redes sociais, ampliando seu<br \\\/>alcance e conquistando novos pacientes!<\\\/p>\\n\n\n<p><br \\\/>Chegou o seu momento de crescer!<br \\\/>Agende uma reuni\\u00e3o e tire suas d\\u00favidas sobre os nossos\\u00a0servi\\u00e7os!<\\\/p>\",\"margin\":\"small\",\"text_align\":\"center\",\"title_element\":\"h4\"}},{\"type\":\"button\",\"props\":{\"button_size\":\"large\",\"grid_column_gap\":\"small\",\"grid_row_gap\":\"medium\",\"margin\":\"default\",\"text_align\":\"center\"},\"children\":[{\"type\":\"button_item\",\"props\":{\"button_style\":\"danger\",\"content\":\"Agende uma reuni\\u00e3o\",\"dialog_layout\":\"modal\",\"dialog_offcanvas_flip\":true,\"icon\":\"whatsapp\",\"icon_align\":\"left\",\"link\":\"https:\\\/\\\/wa.me\\\/5561993111496\"}}]}]}],\"props\":{\"alignment\":\"center\"}}]}],\"version\":\"4.5.16\"} --><\/p>\n","protected":false},"excerpt":{"rendered":"<p>Sua presen\u00e7a no digital atraindo pacientes Sua presen\u00e7a est\u00e1 sendo ansiosamente aguardada! Agende uma reuni\u00e3o Por que eu preciso de marketing? Pacientes Est\u00e3o Cada Vez Mais Digitais 90% dos brasileiros pesquisam m\u00e9dicos e sintomas online antes de agendar consultas. Quem n\u00e3o aparece nas buscas perde oportunidades para concorrentes mais bem posicionados. Constru\u00e7\u00e3o de Autoridade e [&hellip;]<\/p>\n","protected":false},"author":1,"featured_media":0,"parent":0,"menu_order":0,"comment_status":"closed","ping_status":"closed","template":"","meta":{"footnotes":""},"class_list":["post-9","page","type-page","status-publish","hentry"],"_links":{"self":[{"href":"https:\/\/medicinemarketing.com.br\/index.php?rest_route=\/wp\/v2\/pages\/9","targetHints":{"allow":["GET"]}}],"collection":[{"href":"https:\/\/medicinemarketing.com.br\/index.php?rest_route=\/wp\/v2\/pages"}],"about":[{"href":"https:\/\/medicinemarketing.com.br\/index.php?rest_route=\/wp\/v2\/types\/page"}],"author":[{"embeddable":true,"href":"https:\/\/medicinemarketing.com.br\/index.php?rest_route=\/wp\/v2\/users\/1"}],"replies":[{"embeddable":true,"href":"https:\/\/medicinemarketing.com.br\/index.php?rest_route=%2Fwp%2Fv2%2Fcomments&post=9"}],"version-history":[{"count":210,"href":"https:\/\/medicinemarketing.com.br\/index.php?rest_route=\/wp\/v2\/pages\/9\/revisions"}],"predecessor-version":[{"id":267,"href":"https:\/\/medicinemarketing.com.br\/index.php?rest_route=\/wp\/v2\/pages\/9\/revisions\/267"}],"wp:attachment":[{"href":"https:\/\/medicinemarketing.com.br\/index.php?rest_route=%2Fwp%2Fv2%2Fmedia&parent=9"}],"curies":[{"name":"wp","href":"https:\/\/api.w.org\/{rel}","templated":true}]}}